{"id":611,"date":"2013-06-25T16:02:25","date_gmt":"2013-06-25T14:02:25","guid":{"rendered":"http:\/\/www.macguffin.at\/?page_id=611"},"modified":"2018-04-09T16:52:49","modified_gmt":"2018-04-09T14:52:49","slug":"cinema-europe-2013","status":"publish","type":"page","link":"http:\/\/www.macguffin.at\/?page_id=611","title":{"rendered":"CINEMA EUROPE 2013"},"content":{"rendered":"<p><img loading=\"lazy\" decoding=\"async\" class=\"size-full wp-image-837\" src=\"http:\/\/www.macguffin.at\/wp-content\/uploads\/2013\/06\/titelbild1.jpg\" alt=\"\" width=\"640\" height=\"440\" srcset=\"http:\/\/www.macguffin.at\/wp-content\/uploads\/2013\/06\/titelbild1.jpg 640w, http:\/\/www.macguffin.at\/wp-content\/uploads\/2013\/06\/titelbild1-520x357.jpg 520w\" sizes=\"auto, (max-width: 640px) 100vw, 640px\" \/><\/p>\n<h2>D\u00c4NEMARK &#8211; FINNLAND &#8211; ISLAND &#8211; NORWEGEN &#8211; SCHWEDEN<br \/>01. Juli bis 01. September 2013 * Innenhof des Schubertkino Graz<\/h2>\n<p><h2>***<\/h2>\n<p><h2>ADAMS \u00c4PFEL<\/h2>\n<h3>(ADAMS \u00c6BLER)<\/h3>\n<h4>Regie: Anders Thomas Jensen (D\u00e4nemark 2005)<\/h4>\n<p><h2>DER HYPNOTISEUR<\/h2>\n<h3>(HYPNOTIS\u00d6REN)<\/h3>\n<h4>Regie: Lasse Hallstr\u00f6m (Belgien\/Schweden 2012)<\/h4>\n<p><h2>HAPPY HAPPY<\/h2>\n<h3>(SYKT LYKKELIG)<\/h3>\n<h4>Regie: Anne Sewitsky (Norwegen 2010)<\/h4>\n<p><h2>LE HAVRE<\/h2>\n<h3>(S\/T)<\/h3>\n<h4>Regie: Aki Kaurism\u00e4ki (Finnland\/Frankreich 2011)<\/h4>\n<p><h2>M\u00c4NNER IM WASSER<\/h2>\n<h3>(ALLT FLYTER)<\/h3>\n<h4>Regie: M\u00e5ns Herngren (Schweden 2008)<\/h4>\n<p><h2>HEADHUNTERS<\/h2>\n<h3>(HODEJEGERNE)<\/h3>\n<h4>Regie: Morten Tyldum (Norwegen 2011)<\/h4>\n<p><h2>LOVE IS ALL YOU NEED<\/h2>\n<h3>(DEN SKALDEDE FRIS\u00d8R)<\/h3>\n<h4>Regie: Susanne Bier (D\u00e4nemark\/Schweden 2012)<\/h4>\n<p><h2>NORD<\/h2>\n<h3>(S\/T)<\/h3>\n<h4>Regie: Rune Denstad Langlo (Norwegen 2009)<\/h4>\n<p><h2>SUPERCLASSICO \u2013 MEINE FRAU WILL HEIRATEN<\/h2>\n<h3>(SUPERCL\u00c1SICO)<\/h3>\n<h4>Regie: Ole Christian Madsen (D\u00e4nemark 2011)<\/h4>\n<p><h2>SO FINSTER DIE NACHT<\/h2>\n<h3>(L\u00c5T DEN R\u00c4TTE KOMMA IN)<\/h3>\n<h4>Regie: Tomas Alfredson (Schweden 2008)<\/h4>\n<p><h2>SONS OF NORWAY<\/h2>\n<h3>(S\u00d8NNER AV NORGE)<\/h3>\n<h4>Regie: Jens Lien (Norwegen 2011)<\/h4>\n<p><h2>BEDINGUNGSLOS<\/h2>\n<h3>(K\u00c6RLIGHED P\u00c5 FILM)<\/h3>\n<h4>Regie: Ole Bornedal (D\u00e4nemark 2007)<\/h4>\n<p><h2>EIN MANN VON WELT<\/h2>\n<h3>(EN GANSKE SNILL MANN)<\/h3>\n<h4>Regie: Hans Petter Moland (Norwegen 2010)<\/h4>\n<p><h2>EIN GUTES HERZ<\/h2>\n<h3>(THE GOOD HEART)<\/h3>\n<h4>Regie: Dagur K\u00e1ri (Island\/D\u00e4nemark 2009)<\/h4>\n<p><h2>O\u2018 HORTEN<\/h2>\n<h3>(S\/T)<\/h3>\n<h4>Regie: Bent Hamer (Norwegen\/Deutschland 2007)<\/h4>\n<p>\n","protected":false},"excerpt":{"rendered":"<p>D\u00c4NEMARK &#8211; FINNLAND &#8211; ISLAND &#8211; NORWEGEN &#8211; SCHWEDEN01. Juli bis 01. September 2013 * Innenhof des Schubertkino Graz *** ADAMS \u00c4PFEL (ADAMS \u00c6BLER) Regie: Anders Thomas Jensen (D\u00e4nemark 2005) DER HYPNOTISEUR (HYPNOTIS\u00d6REN) Regie: Lasse Hallstr\u00f6m (Belgien\/Schweden 2012) HAPPY HAPPY (SYKT LYKKELIG) Regie: Anne Sewitsky (Norwegen 2010) LE HAVRE (S\/T) Regie: Aki Kaurism\u00e4ki (Finnland\/Frankreich 2011) [&hellip;]<\/p>\n","protected":false},"author":2,"featured_media":0,"parent":1791,"menu_order":0,"comment_status":"closed","ping_status":"closed","template":"page_f.php","meta":{"footnotes":""},"class_list":["post-611","page","type-page","status-publish","hentry"],"_links":{"self":[{"href":"http:\/\/www.macguffin.at\/index.php?rest_route=\/wp\/v2\/pages\/611","targetHints":{"allow":["GET"]}}],"collection":[{"href":"http:\/\/www.macguffin.at\/index.php?rest_route=\/wp\/v2\/pages"}],"about":[{"href":"http:\/\/www.macguffin.at\/index.php?rest_route=\/wp\/v2\/types\/page"}],"author":[{"embeddable":true,"href":"http:\/\/www.macguffin.at\/index.php?rest_route=\/wp\/v2\/users\/2"}],"replies":[{"embeddable":true,"href":"http:\/\/www.macguffin.at\/index.php?rest_route=%2Fwp%2Fv2%2Fcomments&post=611"}],"version-history":[{"count":129,"href":"http:\/\/www.macguffin.at\/index.php?rest_route=\/wp\/v2\/pages\/611\/revisions"}],"predecessor-version":[{"id":1893,"href":"http:\/\/www.macguffin.at\/index.php?rest_route=\/wp\/v2\/pages\/611\/revisions\/1893"}],"up":[{"embeddable":true,"href":"http:\/\/www.macguffin.at\/index.php?rest_route=\/wp\/v2\/pages\/1791"}],"wp:attachment":[{"href":"http:\/\/www.macguffin.at\/index.php?rest_route=%2Fwp%2Fv2%2Fmedia&parent=611"}],"curies":[{"name":"wp","href":"https:\/\/api.w.org\/{rel}","templated":true}]}}